{"id":2,"date":"2025-06-13T09:47:44","date_gmt":"2025-06-13T09:47:44","guid":{"rendered":"https:\/\/ddsarqtecnica.rkinformatika.online\/?page_id=2"},"modified":"2025-09-04T10:41:00","modified_gmt":"2025-09-04T10:41:00","slug":"inicio","status":"publish","type":"page","link":"https:\/\/ddsarqtecnica.com\/en\/","title":{"rendered":"Home"},"content":{"rendered":"<div data-elementor-type=\"wp-page\" data-elementor-id=\"2\" class=\"elementor elementor-2\" data-elementor-post-type=\"page\">\n\t\t\t\t<div class=\"elementor-element elementor-element-bc6f95e e-con-full e-flex e-con e-parent\" data-id=\"bc6f95e\" data-element_type=\"container\" data-e-type=\"container\" data-settings=\"{&quot;background_background&quot;:&quot;classic&quot;}\">\n\t\t\t\t<\/div>\n\t\t<div class=\"elementor-element elementor-element-b1e1df4 e-flex e-con-boxed e-con e-parent\" data-id=\"b1e1df4\" data-element_type=\"container\" data-e-type=\"container\">\n\t\t\t\t\t<div class=\"e-con-inner\">\n\t\t\t\t<div class=\"elementor-element elementor-element-27f42a7 elementor-widget elementor-widget-heading\" data-id=\"27f42a7\" data-element_type=\"widget\" data-e-type=\"widget\" data-widget_type=\"heading.default\">\n\t\t\t\t<div class=\"elementor-widget-container\">\n\t\t\t\t\t<h2 class=\"elementor-heading-title elementor-size-default\">About us<\/h2>\t\t\t\t<\/div>\n\t\t\t\t<\/div>\n\t\t\t\t<div class=\"elementor-element elementor-element-88c9683 elementor-widget elementor-widget-heading\" data-id=\"88c9683\" data-element_type=\"widget\" data-e-type=\"widget\" data-widget_type=\"heading.default\">\n\t\t\t\t<div class=\"elementor-widget-container\">\n\t\t\t\t\t<h2 class=\"elementor-heading-title elementor-size-default\">More than reports, we build trust and shape the future.\n\n<\/h2>\t\t\t\t<\/div>\n\t\t\t\t<\/div>\n\t\t\t\t<div class=\"elementor-element elementor-element-2230c11 elementor-widget__width-initial elementor-widget elementor-widget-text-editor\" data-id=\"2230c11\" data-element_type=\"widget\" data-e-type=\"widget\" data-widget_type=\"text-editor.default\">\n\t\t\t\t<div class=\"elementor-widget-container\">\n\t\t\t\t\t\t\t\t\t<p>We are a technical team with extensive experience, made up of professionals who graduated in 1995 and have been licensed since 1997, with a career dedicated to public service since those same years.<\/p><p>Over more than two decades, we have built deep technical knowledge and a strong ability to manage projects with precision and rigor.<\/p><p>Since 2007, we have carried out numerous projects in M\u00e1laga city and along the Costa del Sol, specializing in energy efficiency and technical certifications for property registry filings.<\/p><p>Thanks to this specialization, we offer personalized professional services aimed at ensuring quality, legal certainty, and regulatory compliance in every project we undertake.<\/p><p>We are committed to technical excellence and providing comprehensive advice in expert reports, certifications, measurement and georeferencing of properties, as well as in urban planning reports, helping our clients optimize and enhance the value of their real estate efficiently and reliably.<\/p>\t\t\t\t\t\t\t\t<\/div>\n\t\t\t\t<\/div>\n\t\t\t\t\t<\/div>\n\t\t\t\t<\/div>\n\t\t\t\t<\/div>","protected":false},"excerpt":{"rendered":"<p>Sobre nosotros M\u00e1s que informes, generamos confianza y futuro. Somos un equipo t\u00e9cnico con amplia experiencia, formado por profesionales graduados desde 1995 y colegiados desde 1997, con una trayectoria dedicada a la funci\u00f3n p\u00fablica desde esos mismos a\u00f1os. A lo largo de m\u00e1s de dos d\u00e9cadas, hemos acumulado un profundo conocimiento t\u00e9cnico y una s\u00f3lida [&hellip;]<\/p>\n","protected":false},"author":1,"featured_media":0,"parent":0,"menu_order":0,"comment_status":"closed","ping_status":"closed","template":"","meta":{"footnotes":""},"class_list":["post-2","page","type-page","status-publish","hentry"],"yoast_head":"<!-- This site is optimized with the Yoast SEO plugin v27.3 - https:\/\/yoast.com\/product\/yoast-seo-wordpress\/ -->\n<title>Inicio - Daniel dos Santos - Arquitectura T\u00e9cnica<\/title>\n<meta name=\"robots\" content=\"index, follow, max-snippet:-1, max-image-preview:large, max-video-preview:-1\" \/>\n<link rel=\"canonical\" href=\"https:\/\/ddsarqtecnica.com\/en\/\" \/>\n<meta property=\"og:locale\" content=\"en_GB\" \/>\n<meta property=\"og:type\" content=\"article\" \/>\n<meta property=\"og:title\" content=\"Inicio - Daniel dos Santos - Arquitectura T\u00e9cnica\" \/>\n<meta property=\"og:description\" content=\"Sobre nosotros M\u00e1s que informes, generamos confianza y futuro. Somos un equipo t\u00e9cnico con amplia experiencia, formado por profesionales graduados desde 1995 y colegiados desde 1997, con una trayectoria dedicada a la funci\u00f3n p\u00fablica desde esos mismos a\u00f1os. A lo largo de m\u00e1s de dos d\u00e9cadas, hemos acumulado un profundo conocimiento t\u00e9cnico y una s\u00f3lida [&hellip;]\" \/>\n<meta property=\"og:url\" content=\"https:\/\/ddsarqtecnica.com\/en\/\" \/>\n<meta property=\"og:site_name\" content=\"Daniel dos Santos - Arquitectura T\u00e9cnica\" \/>\n<meta property=\"article:modified_time\" content=\"2025-09-04T10:41:00+00:00\" \/>\n<meta name=\"twitter:card\" content=\"summary_large_image\" \/>\n<meta name=\"twitter:label1\" content=\"Estimated reading time\" \/>\n\t<meta name=\"twitter:data1\" content=\"1 minute\" \/>\n<script type=\"application\/ld+json\" class=\"yoast-schema-graph\">{\"@context\":\"https:\\\/\\\/schema.org\",\"@graph\":[{\"@type\":\"WebPage\",\"@id\":\"https:\\\/\\\/ddsarqtecnica.com\\\/\",\"url\":\"https:\\\/\\\/ddsarqtecnica.com\\\/\",\"name\":\"Inicio - Daniel dos Santos - Arquitectura T\u00e9cnica\",\"isPartOf\":{\"@id\":\"https:\\\/\\\/ddsarqtecnica.com\\\/#website\"},\"datePublished\":\"2025-06-13T09:47:44+00:00\",\"dateModified\":\"2025-09-04T10:41:00+00:00\",\"breadcrumb\":{\"@id\":\"https:\\\/\\\/ddsarqtecnica.com\\\/#breadcrumb\"},\"inLanguage\":\"en-GB\",\"potentialAction\":[{\"@type\":\"ReadAction\",\"target\":[\"https:\\\/\\\/ddsarqtecnica.com\\\/\"]}]},{\"@type\":\"BreadcrumbList\",\"@id\":\"https:\\\/\\\/ddsarqtecnica.com\\\/#breadcrumb\",\"itemListElement\":[{\"@type\":\"ListItem\",\"position\":1,\"name\":\"Portada\",\"item\":\"https:\\\/\\\/ddsarqtecnica.com\\\/\"},{\"@type\":\"ListItem\",\"position\":2,\"name\":\"Inicio\"}]},{\"@type\":\"WebSite\",\"@id\":\"https:\\\/\\\/ddsarqtecnica.com\\\/#website\",\"url\":\"https:\\\/\\\/ddsarqtecnica.com\\\/\",\"name\":\"Daniel dos Santos - Arquitectura T\u00e9cnica\",\"description\":\"\",\"publisher\":{\"@id\":\"https:\\\/\\\/ddsarqtecnica.com\\\/#organization\"},\"potentialAction\":[{\"@type\":\"SearchAction\",\"target\":{\"@type\":\"EntryPoint\",\"urlTemplate\":\"https:\\\/\\\/ddsarqtecnica.com\\\/?s={search_term_string}\"},\"query-input\":{\"@type\":\"PropertyValueSpecification\",\"valueRequired\":true,\"valueName\":\"search_term_string\"}}],\"inLanguage\":\"en-GB\"},{\"@type\":\"Organization\",\"@id\":\"https:\\\/\\\/ddsarqtecnica.com\\\/#organization\",\"name\":\"Daniel dos Santos - Arquitectura T\u00e9cnica\",\"url\":\"https:\\\/\\\/ddsarqtecnica.com\\\/\",\"logo\":{\"@type\":\"ImageObject\",\"inLanguage\":\"en-GB\",\"@id\":\"https:\\\/\\\/ddsarqtecnica.com\\\/#\\\/schema\\\/logo\\\/image\\\/\",\"url\":\"https:\\\/\\\/ddsarqtecnica.com\\\/wp-content\\\/uploads\\\/2025\\\/06\\\/cropped-Captura-Logo.jpg\",\"contentUrl\":\"https:\\\/\\\/ddsarqtecnica.com\\\/wp-content\\\/uploads\\\/2025\\\/06\\\/cropped-Captura-Logo.jpg\",\"width\":572,\"height\":368,\"caption\":\"Daniel dos Santos - Arquitectura T\u00e9cnica\"},\"image\":{\"@id\":\"https:\\\/\\\/ddsarqtecnica.com\\\/#\\\/schema\\\/logo\\\/image\\\/\"}}]}<\/script>\n<!-- \/ Yoast SEO plugin. -->","yoast_head_json":{"title":"Inicio - Daniel dos Santos - Arquitectura T\u00e9cnica","robots":{"index":"index","follow":"follow","max-snippet":"max-snippet:-1","max-image-preview":"max-image-preview:large","max-video-preview":"max-video-preview:-1"},"canonical":"https:\/\/ddsarqtecnica.com\/en\/","og_locale":"en_GB","og_type":"article","og_title":"Inicio - Daniel dos Santos - Arquitectura T\u00e9cnica","og_description":"Sobre nosotros M\u00e1s que informes, generamos confianza y futuro. Somos un equipo t\u00e9cnico con amplia experiencia, formado por profesionales graduados desde 1995 y colegiados desde 1997, con una trayectoria dedicada a la funci\u00f3n p\u00fablica desde esos mismos a\u00f1os. A lo largo de m\u00e1s de dos d\u00e9cadas, hemos acumulado un profundo conocimiento t\u00e9cnico y una s\u00f3lida [&hellip;]","og_url":"https:\/\/ddsarqtecnica.com\/en\/","og_site_name":"Daniel dos Santos - Arquitectura T\u00e9cnica","article_modified_time":"2025-09-04T10:41:00+00:00","twitter_card":"summary_large_image","twitter_misc":{"Estimated reading time":"1 minute"},"schema":{"@context":"https:\/\/schema.org","@graph":[{"@type":"WebPage","@id":"https:\/\/ddsarqtecnica.com\/","url":"https:\/\/ddsarqtecnica.com\/","name":"Inicio - Daniel dos Santos - Arquitectura T\u00e9cnica","isPartOf":{"@id":"https:\/\/ddsarqtecnica.com\/#website"},"datePublished":"2025-06-13T09:47:44+00:00","dateModified":"2025-09-04T10:41:00+00:00","breadcrumb":{"@id":"https:\/\/ddsarqtecnica.com\/#breadcrumb"},"inLanguage":"en-GB","potentialAction":[{"@type":"ReadAction","target":["https:\/\/ddsarqtecnica.com\/"]}]},{"@type":"BreadcrumbList","@id":"https:\/\/ddsarqtecnica.com\/#breadcrumb","itemListElement":[{"@type":"ListItem","position":1,"name":"Portada","item":"https:\/\/ddsarqtecnica.com\/"},{"@type":"ListItem","position":2,"name":"Inicio"}]},{"@type":"WebSite","@id":"https:\/\/ddsarqtecnica.com\/#website","url":"https:\/\/ddsarqtecnica.com\/","name":"Daniel dos Santos - Arquitectura T\u00e9cnica","description":"","publisher":{"@id":"https:\/\/ddsarqtecnica.com\/#organization"},"potentialAction":[{"@type":"SearchAction","target":{"@type":"EntryPoint","urlTemplate":"https:\/\/ddsarqtecnica.com\/?s={search_term_string}"},"query-input":{"@type":"PropertyValueSpecification","valueRequired":true,"valueName":"search_term_string"}}],"inLanguage":"en-GB"},{"@type":"Organization","@id":"https:\/\/ddsarqtecnica.com\/#organization","name":"Daniel dos Santos - Arquitectura T\u00e9cnica","url":"https:\/\/ddsarqtecnica.com\/","logo":{"@type":"ImageObject","inLanguage":"en-GB","@id":"https:\/\/ddsarqtecnica.com\/#\/schema\/logo\/image\/","url":"https:\/\/ddsarqtecnica.com\/wp-content\/uploads\/2025\/06\/cropped-Captura-Logo.jpg","contentUrl":"https:\/\/ddsarqtecnica.com\/wp-content\/uploads\/2025\/06\/cropped-Captura-Logo.jpg","width":572,"height":368,"caption":"Daniel dos Santos - Arquitectura T\u00e9cnica"},"image":{"@id":"https:\/\/ddsarqtecnica.com\/#\/schema\/logo\/image\/"}}]}},"_links":{"self":[{"href":"https:\/\/ddsarqtecnica.com\/en\/wp-json\/wp\/v2\/pages\/2","targetHints":{"allow":["GET"]}}],"collection":[{"href":"https:\/\/ddsarqtecnica.com\/en\/wp-json\/wp\/v2\/pages"}],"about":[{"href":"https:\/\/ddsarqtecnica.com\/en\/wp-json\/wp\/v2\/types\/page"}],"author":[{"embeddable":true,"href":"https:\/\/ddsarqtecnica.com\/en\/wp-json\/wp\/v2\/users\/1"}],"replies":[{"embeddable":true,"href":"https:\/\/ddsarqtecnica.com\/en\/wp-json\/wp\/v2\/comments?post=2"}],"version-history":[{"count":16,"href":"https:\/\/ddsarqtecnica.com\/en\/wp-json\/wp\/v2\/pages\/2\/revisions"}],"predecessor-version":[{"id":193,"href":"https:\/\/ddsarqtecnica.com\/en\/wp-json\/wp\/v2\/pages\/2\/revisions\/193"}],"wp:attachment":[{"href":"https:\/\/ddsarqtecnica.com\/en\/wp-json\/wp\/v2\/media?parent=2"}],"curies":[{"name":"wp","href":"https:\/\/api.w.org\/{rel}","templated":true}]}}